{"id":1600,"date":"2025-06-17T10:58:23","date_gmt":"2025-06-17T08:58:23","guid":{"rendered":"https:\/\/saludcreativa.com\/politica-de-privacitat\/"},"modified":"2025-06-26T07:33:52","modified_gmt":"2025-06-26T05:33:52","slug":"politica-de-privacitat","status":"publish","type":"page","link":"https:\/\/saludcreativa.com\/ca\/politica-de-privacitat\/","title":{"rendered":"Pol\u00edtica de privacitat"},"content":{"rendered":"\t\t<div data-elementor-type=\"wp-page\" data-elementor-id=\"1600\" class=\"elementor elementor-1600 elementor-414\" data-elementor-post-type=\"page\">\n\t\t\t\t<div class=\"elementor-element elementor-element-d9e229d e-flex e-con-boxed e-con e-parent\" data-id=\"d9e229d\" data-element_type=\"container\" data-e-type=\"container\">\n\t\t\t\t\t<div class=\"e-con-inner\">\n\t\t\t\t<div class=\"elementor-element elementor-element-6a69b5d elementor-widget elementor-widget-heading\" data-id=\"6a69b5d\" data-element_type=\"widget\" data-e-type=\"widget\" data-widget_type=\"heading.default\">\n\t\t\t\t<div class=\"elementor-widget-container\">\n\t\t\t\t\t<h2 class=\"elementor-heading-title elementor-size-default\">Pol\u00edtica de privacitat<\/h2>\t\t\t\t<\/div>\n\t\t\t\t<\/div>\n\t\t\t\t<div class=\"elementor-element elementor-element-96b0b1f elementor-widget elementor-widget-text-editor\" data-id=\"96b0b1f\" data-element_type=\"widget\" data-e-type=\"widget\" data-widget_type=\"text-editor.default\">\n\t\t\t\t<div class=\"elementor-widget-container\">\n\t\t\t\t\t\t\t\t\t<p>INTRODUCCI\u00d3<br>La seva privadesa \u00e9s important per a nosaltres, aix\u00ed que, mitjan\u00e7ant aquest document, us expliquem quines dades recollim dels usuaris, com les utilitzem i per a qu\u00e8, entre altres indicacions. Els majors de 14 anys es poden registrar com a usuaris sense el consentiment previ dels seus pares, tutors o representants legals. En cas de menors de 14 anys o identificats com a \u00abincapa\u00e7os legalment\u00bb, sempre necessitarem del consentiment patern, o del tutor\/ao representant legal.  <\/p><p>Per a la seva informaci\u00f3, mai no demanarem m\u00e9s informaci\u00f3 de la que realment necessitarem per als serveis requerits, mai la compartirem amb tercers, excepte per obligaci\u00f3 legal o amb la seva autoritzaci\u00f3 pr\u00e8via;<\/p><p>Com a usuaris, haur\u00e0 de llegir atentament aquesta Pol\u00edtica de privadesa de manera regular, i sempre que introdueixi les seves dades personals, ja que aquest document pot patir modificacions ja que el prestador pot modificar qualsevol tipus d&#8217;informaci\u00f3 que pogu\u00e9s apar\u00e8ixer al web per complir amb la normativa o actualitzar la pol\u00edtica, i sense que existeixi l&#8217;obligaci\u00f3 de preavisar o posar en coneixement dels usuaris aquestes obligacions.<\/p><p>RESPONSABLE DEL TRACTAMENT:<br>Identitat: Maria Rosa Par\u00e9s Giralt<br>(tamb\u00e9 el prestador)<br>NIF: 46343438W<br>Adre\u00e7a postal: Cami Ral, 24-26 atic 1a, 08490 Tordera, Barcelona<br>Correu electr\u00f2nic: info@saludcreativa.com<br>Maria Rosa Par\u00e9s Giralt, com a responsable del lloc web, de conformitat amb el que disposa el Reglament (UE) 2016\/679 de 27 d&#8217;abril de 2016 (RGPD) relatiu a la protecci\u00f3 de les persones f\u00edsiques pel que fa al tractament de dades personals ia la lliure circulaci\u00f3 d&#8217;aquestes dades i la resta de normativa vigent en mat\u00e8ria de protecci\u00f3 de dades personals, i de la Llei 1 Societat de la Informaci\u00f3 i del Comer\u00e7 Electr\u00f2nic (LSSICE), us informa que t\u00e9 implementades les mesures de seguretat necess\u00e0ries, d&#8217;\u00edndole t\u00e8cnica i organitzatives, per garantir i protegir la confidencialitat, integritat i disponibilitat de les dades introdu\u00efdes.<\/p><p>M\u00c8TODE D&#8217;OBTENCI\u00d3 DE LES DADES i DADES QUE RECAPTEM:<br>Les dades que recollim i com les obtenim \u00e9s la seg\u00fcent:<\/p><p>Mitjan\u00e7ant el formulari de contacte: nom, correu electr\u00f2nic, tel\u00e8fon.<\/p><p>FINALITAT DEL TRACTAMENT:<br>Les vostres dades personals nom\u00e9s s&#8217;utilitzaran per a les seg\u00fcents finalitats, prestant el vostre consentiment per a cadascuna de les finalitats a l&#8217;apartat corresponent de la web:<\/p><p>Formulari de contacte: per respondre a les consultes i\/o proporcionar informacions requerides per l&#8217;Usuari;<br>WhatsApp: el tractament de les dades que es duguin a terme de les persones que facin una consulta mitjan\u00e7ant WhatsApp de Maria Rosa Par\u00e9s Giralt es regir\u00e0 per aquest apartat, aix\u00ed com aquelles condicions d&#8217;\u00fas, pol\u00edtiques de privadesa i normatives d&#8217;acc\u00e9s que pertanyin a l&#8217;aplicaci\u00f3 que siguin procedents en cada cas i acceptades pr\u00e8viament per l&#8217;usuari. Maria Rosa Par\u00e9s Giralt, tractar\u00e0 les vostres dades amb la finalitat d&#8217;administrar correctament la vostra consulta aix\u00ed com qualsevol altra finalitat de la gesti\u00f3 administrativa del servei. Queda prohibit l&#8217;\u00fas del WhatsApp de Maria Rosa Par\u00e9s Giralt, per a l&#8217;enviament de continguts que no siguin els necessaris per a la resposta a la consulta i que siguin il\u00b7l\u00edcits per la normativa nacional o internacional que atempti contra els drets fonamentals de les persones i en general que contravinguin els principis de legalitat, honradesa, responsabilitat, protecci\u00f3 de la vida privada, la protecci\u00f3 del consumidor i els drets humans.  <br>Altres finalitats:<br>Realitzar les gestions comercials, administratives, fiscals, comptables que siguin necess\u00e0ries en virtut de la legislaci\u00f3 vigent;<br>Con\u00e8ixer la vostra opini\u00f3 i millorar els serveis prestats per la web;<br>Realitzaci\u00f3 d&#8217;an\u00e0lisi d&#8217;usabilitat de la web, a trav\u00e9s de les galetes (esmentades a la pol\u00edtica de galetes);<br>Xarxes socials: a l&#8217;apartat corresponent s&#8217;especifica l&#8217;\u00fas de les xarxes socials.<br>Les fotografies que estiguin penjades a la web s\u00f3n propietat de Maria Rosa Par\u00e9s Giralt, incloent-hi les de clients, en les quals, per obtenir-les, s&#8217;ha obtingut el consentiment previ mitjan\u00e7ant la signatura dels formularis realitzats per a aquest efecte. No obstant aix\u00f2, com a titulars de l&#8217;exercici dels seus drets, i sempre amb el requeriment formal previ per escrit, poden indicar la negativa a l&#8217;\u00fas de la seva imatge. <\/p><p>Podeu revocar en qualsevol moment el vostre consentiment remetent un escrit amb l&#8217;assumpte \u00abBaixa\u00bb al mail ressenyat.<\/p><p>D&#8217;acord amb la LSSICE, Maria Rosa Par\u00e9s Giralt no fa pr\u00e0ctiques de SPAM, per tant, no envia correus comercials per correu electr\u00f2nic que no hagin estat pr\u00e8viament sol\u00b7licitats o autoritzats per l&#8217;Usuari. En conseq\u00fc\u00e8ncia, a totes les comunicacions que rebr\u00e0 del prestador, l&#8217;usuari t\u00e9 la possibilitat de cancel\u00b7lar el seu consentiment expr\u00e9s per rebre les nostres comunicacions.<br>No tractarem les vostres dades personals per a cap altre fi de les descrites excepte per obligaci\u00f3 legal o requeriment judicial.<br>No ser\u00e0 objecte de decisions basades en tractaments automatitzats que produeixin efectes sobre les vostres dades. <\/p><p>LEGITIMACI\u00d3 DEL TRACTAMENT<br>La base legal per al tractament de les dades \u00e9s el seu consentiment atorgat en el moment de donar les dades al formulari corresponent per dur a terme les finalitats, en el moment de marcaci\u00f3 de la casella de verificaci\u00f3.<\/p><p>No facilitar les dades personals sol\u00b7licitades o no acceptar aquesta pol\u00edtica de privadesa suposa la impossibilitat d&#8217;aconseguir les finalitats anteriorment descrites.<\/p><p>En els casos en qu\u00e8 hi hagi una relaci\u00f3 contractual pr\u00e8via entre les parts, la legitimaci\u00f3 per al desenvolupament de les obligacions administratives, fiscals, comptables i laborals que siguin necess\u00e0ries en virtut de la legislaci\u00f3 vigent ser\u00e0 l&#8217;exist\u00e8ncia pr\u00e8via de la relaci\u00f3 comercial establerta entre les parts.<\/p><p>L&#8217;oferta prospectiva o comercial de productes i serveis est\u00e0 basada en el consentiment que se us demana, sense que en cap cas la retirada d&#8217;aquest consentiment condicioni l&#8217;execuci\u00f3 del contracte de subscripci\u00f3.<\/p><p>TERMINI DE CONSERVACI\u00d3 DE LES DADES:<br>Les vostres dades es conservaran mentre duri la relaci\u00f3 comercial amb nosaltres o exerceix el vostre dret de cancel\u00b7laci\u00f3 o oposici\u00f3, o limitaci\u00f3 al tractament. No obstant aix\u00f2, conservarem les vostres dades en els terminis legalment previstos en les disposicions aplicables. <\/p><p>DESTINATARIS DE CESSIONS O TRANSFER\u00c8NCIES:<br>Maria Rosa Par\u00e9s Giralt no porta a terme cap cessi\u00f3 o comunicaci\u00f3 de dades ni dins ni fora de la UE. <br>El prestador \u00fanicament facilitar\u00e0 informaci\u00f3 a les forces i cossos de seguretat sota ordre judicial o per obligaci\u00f3 d&#8217;una norma legal, sense perjudici de poder bloquejar o cancel\u00b7lar el vostre compte si hi pot haver indicis de la comissi\u00f3 d&#8217;algun delicte per part de l&#8217;usuari. La informaci\u00f3 facilitada ser\u00e0 nom\u00e9s la que disposi en aquell moment el prestador.  <\/p><p>La informaci\u00f3 que ens proporcioneu a trav\u00e9s d&#8217;aquest lloc web ser\u00e0 allotjada als servidors de Maria Rosa Par\u00e9s Giralt, contractats a l&#8217;empresa que presta el servei d&#8217;allotjament de la web. El tractament de les dades de l&#8217;entitat est\u00e0 regulat mitjan\u00e7ant un contracte d&#8217;encarregat del tractament entre el prestador i aquesta empresa. <\/p><p>La informaci\u00f3 que ens proporcioneu a trav\u00e9s d&#8217;aquest lloc web ser\u00e0 allotjada als servidors de Maria Rosa Par\u00e9s Giralt, contractats a l&#8217;empresa que presta el servei d&#8217;allotjament de la web. El tractament de les dades de l&#8217;entitat est\u00e0 regulat mitjan\u00e7ant un contracte d&#8217;encarregat del tractament entre el prestador i aquesta empresa. <\/p><p>Google Analytics: per fer una an\u00e0lisi i m\u00e8trica de l&#8217;\u00fas que els usuaris fan del web a trav\u00e9s de les cookies. La informaci\u00f3 que generen i recopilen aquestes galetes sobre l&#8217;\u00fas (incloent-hi l&#8217;adre\u00e7a IP) ser\u00e0 directament transmesa i arxivada per Google Inc., ubicada a Delaware, 1600 Amphitheatre Parkway, muntar\u00e9 View (Calif\u00f2rnia), CA 94043 dels Estats Units ( \u00bb Google \u00ab), als seus servidors dels Estats Units.<\/p><p>DRETS DE LES PERSONES INTERESSADES:<br>Com a usuari-interessat, pot sol\u00b7licitar l&#8217;exercici dels seg\u00fcents drets davant de Maria Rosa Par\u00e9s Giralt presentant un escrit a l&#8217;adre\u00e7a postal de l&#8217;encap\u00e7alament o enviant un correu electr\u00f2nic a info@saludcreativa.com, indicant com a Assumpte: \u00abPROTECCI\u00d3 DE DADES: DRETS DELS AFECTATS\u00bb, i adjuntant fotoc\u00f2pia del seu DNI o qualsevol.<\/p><p>Drets:<\/p><p>Dret d&#8217;acc\u00e9s: permet a l&#8217;interessat con\u00e8ixer i obtenir informaci\u00f3 sobre les vostres dades de car\u00e0cter personal sotmeses a tractament.<br>Dret de rectificaci\u00f3 o supressi\u00f3: permet corregir errors i modificar les dades que resultin ser inexactes o incomplets<br>Dret de cancel\u00b7laci\u00f3: permet que se suprimeixin les dades que siguin inadequades o excessives<br>Dret d&#8217;oposici\u00f3: dret de l&#8217;interessat que no es dugui a terme el tractament de les vostres dades de car\u00e0cter personal o s&#8217;hi cessi.<br>Limitaci\u00f3 del tractament: comporta el marcatge de les dades personals conservades, per tal de limitar-ne el futur tractament, per a l&#8217;exercici o la defensa de reclamacions.<br>Portabilitat de les dades: facilitaci\u00f3 de les dades objecte de tractament a linteressat, perqu\u00e8 aquest pugui transmetre a un altre responsable, sense impediments.<br>Dret a no ser objecte de decisions individuals automatitzades (inclosa l&#8217;elaboraci\u00f3 de perfils): dret a no ser objecte d&#8217;una decisi\u00f3 basada en el tractament automatitzat que produeixi efectes o afecti significativament<br>Com a usuari, teniu dret a retirar el consentiment donat en qualsevol moment. La retirada del consentiment no afecta la licitud del tractament efectuat abans de la retirada del consentiment. <\/p><p>Tamb\u00e9 t\u00e9 dret a presentar una reclamaci\u00f3 davant l&#8217;autoritat de control si considera que els seus drets s&#8217;han vist vulnerats en relaci\u00f3 amb la protecci\u00f3 de les seves dades (aepd.es).<\/p><p>INFORMACI\u00d3 ADDICIONAL MESURES DE SEGURETAT:<\/p><p>Les dades que ens faciliti es tractaran de manera confidencial. El prestador ha adoptat totes les mesures t\u00e8cniques i organitzatives i tots els nivells de protecci\u00f3 necessaris per garantir la seguretat en el tractament de les dades i evitar-ne l&#8217;alteraci\u00f3, la p\u00e8rdua, el robatori, el tractament o l&#8217;acc\u00e9s no autoritzat, d&#8217;acord amb l&#8217;estat de la tecnologia i la naturalesa de les dades emmagatzemades. Aix\u00ed mateix, es garanteix tamb\u00e9 que el tractament i registre en fitxers, programes, sistemes o equips, locals i centres compleixen els requisits i les condicions d&#8217;integritat i seguretat establertes a la normativa vigent.  <\/p><p>IDIOMA<br>L&#8217;idioma aplicable a aquesta pol\u00edtica de privadesa \u00e9s el castell\u00e0. Per tant, en cas que hi hagu\u00e9s alguna contradicci\u00f3 en alguna de les versions facilitades en altres idiomes, prevaldr\u00e0 la versi\u00f3 en catal\u00e0. <\/p><p>XARXES SOCIALS<br>Us informem que Maria Rosa Par\u00e9s Giralt pot tenir pres\u00e8ncia a xarxes socials. El tractament de les dades que es porti a terme de les persones que es facin seguidores a les xarxes socials (i\/o realitzin qualsevol vincle o acci\u00f3 de connexi\u00f3 a trav\u00e9s de les xarxes socials) de les p\u00e0gines oficials de Maria Rosa Par\u00e9s Giralt es regir\u00e0 per aquest apartat, aix\u00ed com per a aquelles condicions d&#8217;\u00fas, pol\u00edtiques de privadesa i normatives d&#8217;acc\u00e9s que procedeixi a cada usuari que pertanyi a cada usuari que pertanyi i les normatives d&#8217;acc\u00e9s. <\/p><p>Maria Rosa Par\u00e9s Giralt tractar\u00e0 les vostres dades amb les finalitats d&#8217;administrar correctament la vostra pres\u00e8ncia a la xarxa social, informant d&#8217;activitats, productes o serveis del prestador, aix\u00ed com per a qualsevol altra finalitat que les normatives de les Xarxes Socials permetin.<\/p><p>Queda prohibida la publicaci\u00f3 de continguts:<\/p><p>Que siguin presumptament il\u00b7l\u00edcits per la normativa nacional, comunit\u00e0ria o internacional o que facin activitats presumptament il\u00b7l\u00edcites o contravinguin els principis de la bona fe.<br>Que atemptin contra els drets fonamentals de les persones, faltin a la cortesia a la xarxa, molestin o puguin generar opinions negatives en els nostres usuaris o tercers i en general qualssevol siguin els continguts que Maria Rosa Par\u00e9s Giralt consideri inadequats.<br>I, en general, que contravinguin els principis de legalitat, honradesa, responsabilitat, protecci\u00f3 de la dignitat humana, protecci\u00f3 de menors, protecci\u00f3 de l&#8217;ordre p\u00fablic, la protecci\u00f3 de la vida privada, la protecci\u00f3 del consumidor i els drets de propietat intel\u00b7lectual i industrial.<br>Aix\u00ed mateix, Maria Rosa Par\u00e9s Giralt es reserva la potestat de retirar, sense av\u00eds previ del lloc web o de la xarxa social corporativa aquells continguts que es consideren inadequats.<\/p><p>En tot cas, si vost\u00e8. remet informaci\u00f3 personal a trav\u00e9s de la xarxa social, Maria Rosa Par\u00e9s Giralt quedar\u00e0 exempt de responsabilitat en relaci\u00f3 amb les mesures de seguretat aplicables a aquesta plataforma i l&#8217;usuari, en cas de voler-les con\u00e8ixer, ha de consultar les corresponents condicions particulars de la xarxa en q\u00fcesti\u00f3.<\/p><p>PUBLICACI\u00d3 DEL SEU TESTIMONI<br>En cas que l&#8217;usuari vulgui publicar la seva opini\u00f3 a la web, us informem que les dades aportades seran tractades per atendre els suggeriments proposats, experi\u00e8ncies o opinions respecte dels serveis per ser publicats a la p\u00e0gina web i aix\u00ed poder ajudar altres usuaris. Les dades es conservaran mentre hi hagi un inter\u00e8s mutu per mantenir la fi del tractament i quan ja no sigui necessari per a aquesta finalitat, se suprimiran amb mesures de seguretat adequades per garantir la pseudonimitzaci\u00f3 de les dades o destrucci\u00f3 total d&#8217;aquestes. Els testimonis es publicaran a la nostra p\u00e0gina web. L\u00fanica dada personal que es publicar\u00e0 del testimoni ser\u00e0 el seu nom.   <\/p><p>CANVIS A LA PRESENT POL\u00cdTICA DE PRIVACITAT<br>JULI PONS ARCA es reserva el dret a modificar aquesta pol\u00edtica per adaptar-la a novetats legislatives o jurisprudencials.<\/p><p>REVOCABILITAT<br>El consentiment prestat, tant pel tractament com per a la cessi\u00f3 de les dades dels interessats, \u00e9s revocable en qualsevol moment comunicant-ho a Maria Rosa Par\u00e9s Giralt en els termes establerts en aquesta Pol\u00edtica per a l&#8217;exercici dels drets. Aquesta revocaci\u00f3 en cap cas no t\u00e9 car\u00e0cter retroactiu. <\/p><p>LEGISLACI\u00d3<br>Amb car\u00e0cter general les relacions entre Maria Rosa Par\u00e9s Giralt amb els Usuaris dels seus serveis telem\u00e0tics, presents en aquesta web, estan sotmesos a la legislaci\u00f3 i jurisdicci\u00f3 espanyola a qu\u00e8 se sotmeten expressament les parts, sent competents per a la resoluci\u00f3 de tots els conflictes derivats o relacionats amb el seu \u00fas els Jutjats i Tribunals de Barcelona.<\/p>\t\t\t\t\t\t\t\t<\/div>\n\t\t\t\t<\/div>\n\t\t\t\t\t<\/div>\n\t\t\t\t<\/div>\n\t\t\t\t<\/div>\n\t\t","protected":false},"excerpt":{"rendered":"<p>Pol\u00edtica de privacitat INTRODUCCI\u00d3La seva privadesa \u00e9s important per a nosaltres, aix\u00ed que, mitjan\u00e7ant aquest document, us expliquem quines dades recollim dels usuaris, com les utilitzem i per a qu\u00e8, entre altres indicacions. Els majors de 14 anys es poden registrar com a usuaris sense el consentiment previ dels seus pares, tutors o representants legals. [&hellip;]<\/p>\n","protected":false},"author":1,"featured_media":0,"parent":0,"menu_order":0,"comment_status":"closed","ping_status":"closed","template":"elementor_header_footer","meta":{"footnotes":""},"class_list":["post-1600","page","type-page","status-publish","hentry"],"yoast_head":"<!-- This site is optimized with the Yoast SEO plugin v27.3 - https:\/\/yoast.com\/product\/yoast-seo-wordpress\/ -->\n<title>Pol\u00edtica de privacitat - Salud Creativa<\/title>\n<meta name=\"description\" content=\"Pol\u00edtica de privacitat INTRODUCCI\u00d3La seva privadesa \u00e9s important per a nosaltres, aix\u00ed que, mitjan\u00e7ant aquest document, us expliquem quines dades recollim\" \/>\n<meta name=\"robots\" content=\"noindex, nofollow\" \/>\n<meta property=\"og:locale\" content=\"ca_ES\" \/>\n<meta property=\"og:type\" content=\"article\" \/>\n<meta property=\"og:title\" content=\"Pol\u00edtica de privacitat - Salud Creativa\" \/>\n<meta property=\"og:description\" content=\"Pol\u00edtica de privacitat INTRODUCCI\u00d3La seva privadesa \u00e9s important per a nosaltres, aix\u00ed que, mitjan\u00e7ant aquest document, us expliquem quines dades recollim\" \/>\n<meta property=\"og:url\" content=\"https:\/\/saludcreativa.com\/ca\/politica-de-privacitat\/\" \/>\n<meta property=\"og:site_name\" content=\"Salud Creativa\" \/>\n<meta property=\"article:modified_time\" content=\"2025-06-26T05:33:52+00:00\" \/>\n<meta property=\"og:image\" content=\"https:\/\/saludcreativa.com\/wp-content\/uploads\/2025\/06\/Salud-Creativa-Centro-Meditacion-Mindfulness-Gestalt-Risoterapia-Integrativa-en-Barcelona.jpg\" \/>\n\t<meta property=\"og:image:width\" content=\"2439\" \/>\n\t<meta property=\"og:image:height\" content=\"439\" \/>\n\t<meta property=\"og:image:type\" content=\"image\/jpeg\" \/>\n<meta name=\"twitter:card\" content=\"summary_large_image\" \/>\n<meta name=\"twitter:label1\" content=\"Temps estimat de lectura\" \/>\n\t<meta name=\"twitter:data1\" content=\"12 minuts\" \/>\n<script type=\"application\/ld+json\" class=\"yoast-schema-graph\">{\"@context\":\"https:\\\/\\\/schema.org\",\"@graph\":[{\"@type\":\"WebPage\",\"@id\":\"https:\\\/\\\/saludcreativa.com\\\/ca\\\/politica-de-privacitat\\\/\",\"url\":\"https:\\\/\\\/saludcreativa.com\\\/ca\\\/politica-de-privacitat\\\/\",\"name\":\"Pol\u00edtica de privacitat - Salud Creativa\",\"isPartOf\":{\"@id\":\"https:\\\/\\\/saludcreativa.com\\\/ca\\\/#website\"},\"datePublished\":\"2025-06-17T08:58:23+00:00\",\"dateModified\":\"2025-06-26T05:33:52+00:00\",\"description\":\"Pol\u00edtica de privacitat INTRODUCCI\u00d3La seva privadesa \u00e9s important per a nosaltres, aix\u00ed que, mitjan\u00e7ant aquest document, us expliquem quines dades recollim\",\"breadcrumb\":{\"@id\":\"https:\\\/\\\/saludcreativa.com\\\/ca\\\/politica-de-privacitat\\\/#breadcrumb\"},\"inLanguage\":\"ca\",\"potentialAction\":[{\"@type\":\"ReadAction\",\"target\":[\"https:\\\/\\\/saludcreativa.com\\\/ca\\\/politica-de-privacitat\\\/\"]}]},{\"@type\":\"BreadcrumbList\",\"@id\":\"https:\\\/\\\/saludcreativa.com\\\/ca\\\/politica-de-privacitat\\\/#breadcrumb\",\"itemListElement\":[{\"@type\":\"ListItem\",\"position\":1,\"name\":\"Portada\",\"item\":\"https:\\\/\\\/saludcreativa.com\\\/ca\\\/inici\\\/\"},{\"@type\":\"ListItem\",\"position\":2,\"name\":\"Pol\u00edtica de privacitat\"}]},{\"@type\":\"WebSite\",\"@id\":\"https:\\\/\\\/saludcreativa.com\\\/ca\\\/#website\",\"url\":\"https:\\\/\\\/saludcreativa.com\\\/ca\\\/\",\"name\":\"Salud Creativa\",\"description\":\"Centro de meditaci\u00f3n, bienestar interior y habilidades personales y sociales\",\"publisher\":{\"@id\":\"https:\\\/\\\/saludcreativa.com\\\/ca\\\/#organization\"},\"potentialAction\":[{\"@type\":\"SearchAction\",\"target\":{\"@type\":\"EntryPoint\",\"urlTemplate\":\"https:\\\/\\\/saludcreativa.com\\\/ca\\\/?s={search_term_string}\"},\"query-input\":{\"@type\":\"PropertyValueSpecification\",\"valueRequired\":true,\"valueName\":\"search_term_string\"}}],\"inLanguage\":\"ca\"},{\"@type\":\"Organization\",\"@id\":\"https:\\\/\\\/saludcreativa.com\\\/ca\\\/#organization\",\"name\":\"Salud Creativa\",\"url\":\"https:\\\/\\\/saludcreativa.com\\\/ca\\\/\",\"logo\":{\"@type\":\"ImageObject\",\"inLanguage\":\"ca\",\"@id\":\"https:\\\/\\\/saludcreativa.com\\\/ca\\\/#\\\/schema\\\/logo\\\/image\\\/\",\"url\":\"https:\\\/\\\/saludcreativa.com\\\/wp-content\\\/uploads\\\/2025\\\/06\\\/Salud-Creativa-Centro-Meditacion-Mindfulness-Gestalt-Risoterapia-Integrativa-en-Barcelona.jpg\",\"contentUrl\":\"https:\\\/\\\/saludcreativa.com\\\/wp-content\\\/uploads\\\/2025\\\/06\\\/Salud-Creativa-Centro-Meditacion-Mindfulness-Gestalt-Risoterapia-Integrativa-en-Barcelona.jpg\",\"width\":2439,\"height\":439,\"caption\":\"Salud Creativa\"},\"image\":{\"@id\":\"https:\\\/\\\/saludcreativa.com\\\/ca\\\/#\\\/schema\\\/logo\\\/image\\\/\"}}]}<\/script>\n<!-- \/ Yoast SEO plugin. -->","yoast_head_json":{"title":"Pol\u00edtica de privacitat - Salud Creativa","description":"Pol\u00edtica de privacitat INTRODUCCI\u00d3La seva privadesa \u00e9s important per a nosaltres, aix\u00ed que, mitjan\u00e7ant aquest document, us expliquem quines dades recollim","robots":{"index":"noindex","follow":"nofollow"},"og_locale":"ca_ES","og_type":"article","og_title":"Pol\u00edtica de privacitat - Salud Creativa","og_description":"Pol\u00edtica de privacitat INTRODUCCI\u00d3La seva privadesa \u00e9s important per a nosaltres, aix\u00ed que, mitjan\u00e7ant aquest document, us expliquem quines dades recollim","og_url":"https:\/\/saludcreativa.com\/ca\/politica-de-privacitat\/","og_site_name":"Salud Creativa","article_modified_time":"2025-06-26T05:33:52+00:00","og_image":[{"width":2439,"height":439,"url":"https:\/\/saludcreativa.com\/wp-content\/uploads\/2025\/06\/Salud-Creativa-Centro-Meditacion-Mindfulness-Gestalt-Risoterapia-Integrativa-en-Barcelona.jpg","type":"image\/jpeg"}],"twitter_card":"summary_large_image","twitter_misc":{"Temps estimat de lectura":"12 minuts"},"schema":{"@context":"https:\/\/schema.org","@graph":[{"@type":"WebPage","@id":"https:\/\/saludcreativa.com\/ca\/politica-de-privacitat\/","url":"https:\/\/saludcreativa.com\/ca\/politica-de-privacitat\/","name":"Pol\u00edtica de privacitat - Salud Creativa","isPartOf":{"@id":"https:\/\/saludcreativa.com\/ca\/#website"},"datePublished":"2025-06-17T08:58:23+00:00","dateModified":"2025-06-26T05:33:52+00:00","description":"Pol\u00edtica de privacitat INTRODUCCI\u00d3La seva privadesa \u00e9s important per a nosaltres, aix\u00ed que, mitjan\u00e7ant aquest document, us expliquem quines dades recollim","breadcrumb":{"@id":"https:\/\/saludcreativa.com\/ca\/politica-de-privacitat\/#breadcrumb"},"inLanguage":"ca","potentialAction":[{"@type":"ReadAction","target":["https:\/\/saludcreativa.com\/ca\/politica-de-privacitat\/"]}]},{"@type":"BreadcrumbList","@id":"https:\/\/saludcreativa.com\/ca\/politica-de-privacitat\/#breadcrumb","itemListElement":[{"@type":"ListItem","position":1,"name":"Portada","item":"https:\/\/saludcreativa.com\/ca\/inici\/"},{"@type":"ListItem","position":2,"name":"Pol\u00edtica de privacitat"}]},{"@type":"WebSite","@id":"https:\/\/saludcreativa.com\/ca\/#website","url":"https:\/\/saludcreativa.com\/ca\/","name":"Salud Creativa","description":"Centro de meditaci\u00f3n, bienestar interior y habilidades personales y sociales","publisher":{"@id":"https:\/\/saludcreativa.com\/ca\/#organization"},"potentialAction":[{"@type":"SearchAction","target":{"@type":"EntryPoint","urlTemplate":"https:\/\/saludcreativa.com\/ca\/?s={search_term_string}"},"query-input":{"@type":"PropertyValueSpecification","valueRequired":true,"valueName":"search_term_string"}}],"inLanguage":"ca"},{"@type":"Organization","@id":"https:\/\/saludcreativa.com\/ca\/#organization","name":"Salud Creativa","url":"https:\/\/saludcreativa.com\/ca\/","logo":{"@type":"ImageObject","inLanguage":"ca","@id":"https:\/\/saludcreativa.com\/ca\/#\/schema\/logo\/image\/","url":"https:\/\/saludcreativa.com\/wp-content\/uploads\/2025\/06\/Salud-Creativa-Centro-Meditacion-Mindfulness-Gestalt-Risoterapia-Integrativa-en-Barcelona.jpg","contentUrl":"https:\/\/saludcreativa.com\/wp-content\/uploads\/2025\/06\/Salud-Creativa-Centro-Meditacion-Mindfulness-Gestalt-Risoterapia-Integrativa-en-Barcelona.jpg","width":2439,"height":439,"caption":"Salud Creativa"},"image":{"@id":"https:\/\/saludcreativa.com\/ca\/#\/schema\/logo\/image\/"}}]}},"_links":{"self":[{"href":"https:\/\/saludcreativa.com\/ca\/wp-json\/wp\/v2\/pages\/1600","targetHints":{"allow":["GET"]}}],"collection":[{"href":"https:\/\/saludcreativa.com\/ca\/wp-json\/wp\/v2\/pages"}],"about":[{"href":"https:\/\/saludcreativa.com\/ca\/wp-json\/wp\/v2\/types\/page"}],"author":[{"embeddable":true,"href":"https:\/\/saludcreativa.com\/ca\/wp-json\/wp\/v2\/users\/1"}],"replies":[{"embeddable":true,"href":"https:\/\/saludcreativa.com\/ca\/wp-json\/wp\/v2\/comments?post=1600"}],"version-history":[{"count":1,"href":"https:\/\/saludcreativa.com\/ca\/wp-json\/wp\/v2\/pages\/1600\/revisions"}],"predecessor-version":[{"id":1601,"href":"https:\/\/saludcreativa.com\/ca\/wp-json\/wp\/v2\/pages\/1600\/revisions\/1601"}],"wp:attachment":[{"href":"https:\/\/saludcreativa.com\/ca\/wp-json\/wp\/v2\/media?parent=1600"}],"curies":[{"name":"wp","href":"https:\/\/api.w.org\/{rel}","templated":true}]}}